{"id":70,"date":"2020-06-05T18:36:05","date_gmt":"2020-06-05T16:36:05","guid":{"rendered":"http:\/\/mairie-chatres.fr\/?page_id=70"},"modified":"2022-01-06T17:50:55","modified_gmt":"2022-01-06T16:50:55","slug":"vivre-a-chatres","status":"publish","type":"page","link":"http:\/\/mairie-chatres.fr\/index.php\/vie-quotidienne\/vivre-a-chatres\/","title":{"rendered":"Vivre \u00e0 Ch\u00e2tres"},"content":{"rendered":"\n<div id=\"http:\/\/mairie-chatres.fr\/wp-content\/uploads\/2020\/11\/Vivre-a-Chatres-9-1.pdf\" class=\"wp-block-file\"><a href=\"http:\/\/mairie-chatres.fr\/wp-content\/uploads\/2020\/11\/Vivre-a-Chatres-9.pdf\" target=\"_blank\" rel=\"noreferrer noopener\">Vivre \u00e0 Ch\u00e2tres &#8211; Juin 2020<\/a><a href=\"http:\/\/mairie-chatres.fr\/wp-content\/uploads\/2020\/11\/Vivre-a-Chatres-9.pdf\" class=\"wp-block-file__button\" download>T\u00e9l\u00e9charger<\/a><\/div>\n\n\n\n<div class=\"wp-block-file\"><a href=\"http:\/\/mairie-chatres.fr\/wp-content\/uploads\/2020\/06\/Vivre-\u00e0-Ch\u00e2tres-8.pdf\">Vivre \u00e0 Ch\u00e2tres &#8211; D\u00e9cembre 2019<\/a><a href=\"http:\/\/mairie-chatres.fr\/wp-content\/uploads\/2020\/06\/Vivre-\u00e0-Ch\u00e2tres-8.pdf\" class=\"wp-block-file__button\" download>T\u00e9l\u00e9charger<\/a><\/div>\n\n\n\n<div class=\"wp-block-file\"><a href=\"http:\/\/mairie-chatres.fr\/wp-content\/uploads\/2020\/06\/Vivre-\u00e0-Ch\u00e2tres-7.pdf\">Vivre \u00e0 Ch\u00e2tres &#8211; Juin 2019<\/a><a href=\"http:\/\/mairie-chatres.fr\/wp-content\/uploads\/2020\/06\/Vivre-\u00e0-Ch\u00e2tres-7.pdf\" class=\"wp-block-file__button\" download>T\u00e9l\u00e9charger<\/a><\/div>\n\n\n\n<div class=\"wp-block-file\"><a href=\"http:\/\/mairie-chatres.fr\/wp-content\/uploads\/2020\/06\/Vivre-\u00e0-Ch\u00e2tres-n\u00b06.pdf\">Vivre \u00e0 Ch\u00e2tres &#8211; D\u00e9cembre 2018<\/a><a href=\"http:\/\/mairie-chatres.fr\/wp-content\/uploads\/2020\/06\/Vivre-\u00e0-Ch\u00e2tres-n\u00b06.pdf\" class=\"wp-block-file__button\" download>T\u00e9l\u00e9charger<\/a><\/div>\n\n\n\n<div class=\"wp-block-file\"><a href=\"http:\/\/mairie-chatres.fr\/wp-content\/uploads\/2020\/06\/Vivre-\u00e0-Ch\u00e2tres-5-1.pdf\">Vivre \u00e0 Ch\u00e2tres &#8211; Juin 2018<\/a><a href=\"http:\/\/mairie-chatres.fr\/wp-content\/uploads\/2020\/06\/Vivre-\u00e0-Ch\u00e2tres-5-1.pdf\" class=\"wp-block-file__button\" download>T\u00e9l\u00e9charger<\/a><\/div>\n\n\n\n<div class=\"wp-block-file\"><a href=\"http:\/\/mairie-chatres.fr\/wp-content\/uploads\/2020\/06\/Bulletin4p2.2.pdf\">Vivre \u00e0 Ch\u00e2tres &#8211; D\u00e9cembre 2017<\/a><a href=\"http:\/\/mairie-chatres.fr\/wp-content\/uploads\/2020\/06\/Bulletin4p2.2.pdf\" class=\"wp-block-file__button\" download>T\u00e9l\u00e9charger<\/a><\/div>\n\n\n\n<div class=\"wp-block-file\"><a href=\"http:\/\/mairie-chatres.fr\/wp-content\/uploads\/2020\/06\/Vivre-\u00e0-Ch\u00e2tres-n\u00b03.pdf\">Vivre \u00e0 Ch\u00e2tres &#8211; Juin 2017<\/a><a href=\"http:\/\/mairie-chatres.fr\/wp-content\/uploads\/2020\/06\/Vivre-\u00e0-Ch\u00e2tres-n\u00b03.pdf\" class=\"wp-block-file__button\" download>T\u00e9l\u00e9charger<\/a><\/div>\n\n\n\n<div class=\"wp-block-file\"><a href=\"http:\/\/mairie-chatres.fr\/wp-content\/uploads\/2020\/06\/Vivre-\u00e0-Ch\u00e2tres2.pdf\">Vivre \u00e0 Ch\u00e2tres &#8211; D\u00e9cembre 2016<\/a><a href=\"http:\/\/mairie-chatres.fr\/wp-content\/uploads\/2020\/06\/Vivre-\u00e0-Ch\u00e2tres2.pdf\" class=\"wp-block-file__button\" download>T\u00e9l\u00e9charger<\/a><\/div>\n\n\n\n<div class=\"wp-block-file\"><a href=\"http:\/\/mairie-chatres.fr\/wp-content\/uploads\/2020\/06\/bulletin-01.pdf\">Vivre \u00e0 Ch\u00e2tres &#8211; Juin 2016<\/a><a href=\"http:\/\/mairie-chatres.fr\/wp-content\/uploads\/2020\/06\/bulletin-01.pdf\" class=\"wp-block-file__button\" download>T\u00e9l\u00e9charger<\/a><\/div>\n\n\n\n<div class=\"wp-block-file\"><a href=\"http:\/\/mairie-chatres.fr\/wp-content\/uploads\/2022\/01\/Vivre-a-Chatres.pdf\">Vivre \u00e0 Ch\u00e2tres &#8211; D\u00e9cembre 2020<\/a><a href=\"http:\/\/mairie-chatres.fr\/wp-content\/uploads\/2022\/01\/Vivre-a-Chatres.pdf\" class=\"wp-block-file__button\" download>T\u00e9l\u00e9charger<\/a><\/div>\n\n\n\n<div class=\"wp-block-file\"><a href=\"http:\/\/mairie-chatres.fr\/wp-content\/uploads\/2022\/01\/Bulletin-11_1.pdf\" target=\"_blank\" rel=\"noreferrer noopener\">Vivre \u00e0 Ch\u00e2tres &#8211; juin 2021<\/a><a href=\"http:\/\/mairie-chatres.fr\/wp-content\/uploads\/2022\/01\/Bulletin-11_1.pdf\" class=\"wp-block-file__button\" download>T\u00e9l\u00e9charger<\/a><\/div>\n\n\n\n<div class=\"wp-block-file\"><a href=\"http:\/\/mairie-chatres.fr\/wp-content\/uploads\/2022\/01\/Bulletin12.pub_.pdf\">Vivre \u00e0 Ch\u00e2tres &#8211; D\u00e9cembre 2021_<\/a><a href=\"http:\/\/mairie-chatres.fr\/wp-content\/uploads\/2022\/01\/Bulletin12.pub_.pdf\" class=\"wp-block-file__button\" download>T\u00e9l\u00e9charger<\/a><\/div>\n\n\n\n<p><\/p>\n","protected":false},"excerpt":{"rendered":"","protected":false},"author":1,"featured_media":0,"parent":217,"menu_order":0,"comment_status":"closed","ping_status":"closed","template":"","meta":[],"_links":{"self":[{"href":"http:\/\/mairie-chatres.fr\/index.php\/wp-json\/wp\/v2\/pages\/70"}],"collection":[{"href":"http:\/\/mairie-chatres.fr\/index.php\/wp-json\/wp\/v2\/pages"}],"about":[{"href":"http:\/\/mairie-chatres.fr\/index.php\/wp-json\/wp\/v2\/types\/page"}],"author":[{"embeddable":true,"href":"http:\/\/mairie-chatres.fr\/index.php\/wp-json\/wp\/v2\/users\/1"}],"replies":[{"embeddable":true,"href":"http:\/\/mairie-chatres.fr\/index.php\/wp-json\/wp\/v2\/comments?post=70"}],"version-history":[{"count":12,"href":"http:\/\/mairie-chatres.fr\/index.php\/wp-json\/wp\/v2\/pages\/70\/revisions"}],"predecessor-version":[{"id":462,"href":"http:\/\/mairie-chatres.fr\/index.php\/wp-json\/wp\/v2\/pages\/70\/revisions\/462"}],"up":[{"embeddable":true,"href":"http:\/\/mairie-chatres.fr\/index.php\/wp-json\/wp\/v2\/pages\/217"}],"wp:attachment":[{"href":"http:\/\/mairie-chatres.fr\/index.php\/wp-json\/wp\/v2\/media?parent=70"}],"curies":[{"name":"wp","href":"https:\/\/api.w.org\/{rel}","templated":true}]}}