{"id":530,"date":"2022-07-21T10:24:13","date_gmt":"2022-07-21T08:24:13","guid":{"rendered":"http:\/\/mairie-chatres.fr\/?page_id=530"},"modified":"2022-07-21T10:56:01","modified_gmt":"2022-07-21T08:56:01","slug":"compte-rendu-conseils-municipaux-2022","status":"publish","type":"page","link":"http:\/\/mairie-chatres.fr\/index.php\/conseil-municipal\/comptes-rendus-du-conseil-municipal\/compte-rendu-conseils-municipaux-2022\/","title":{"rendered":"Comptes rendus conseils municipaux 2022"},"content":{"rendered":"\n<h2 class=\"has-pale-pink-background-color has-background\">R\u00e9union du 03 mars 2022<\/h2>\n\n\n\n<div class=\"wp-block-file\"><object class=\"wp-block-file__embed\" data=\"http:\/\/mairie-chatres.fr\/wp-content\/uploads\/2022\/07\/reunion-du-3-3-2022.pdf\" type=\"application\/pdf\" style=\"width:100%;height:600px\" aria-label=\"Contenu embarqu\u00e9 r\u00e9union du 3 3 2022.\"><\/object><a href=\"http:\/\/mairie-chatres.fr\/wp-content\/uploads\/2022\/07\/reunion-du-3-3-2022.pdf\">r\u00e9union du 3 3 2022<\/a><a href=\"http:\/\/mairie-chatres.fr\/wp-content\/uploads\/2022\/07\/reunion-du-3-3-2022.pdf\" class=\"wp-block-file__button\" download>T\u00e9l\u00e9charger<\/a><\/div>\n\n\n\n<h2 class=\"has-pale-pink-background-color has-background\">R\u00e9union du 06 avril 2022<\/h2>\n\n\n\n<div class=\"wp-block-file\"><object class=\"wp-block-file__embed\" data=\"http:\/\/mairie-chatres.fr\/wp-content\/uploads\/2022\/07\/reunion-06-04-2022.pdf\" type=\"application\/pdf\" style=\"width:100%;height:600px\" aria-label=\"Contenu embarqu\u00e9 r\u00e9union 06 04 2022.\"><\/object><a href=\"http:\/\/mairie-chatres.fr\/wp-content\/uploads\/2022\/07\/reunion-06-04-2022.pdf\">r\u00e9union 06 04 2022<\/a><a href=\"http:\/\/mairie-chatres.fr\/wp-content\/uploads\/2022\/07\/reunion-06-04-2022.pdf\" class=\"wp-block-file__button\" download>T\u00e9l\u00e9charger<\/a><\/div>\n\n\n\n<h2 class=\"has-pale-pink-background-color has-background\">R\u00e9union du 09 juin 2022<\/h2>\n\n\n\n<div class=\"wp-block-file\"><object class=\"wp-block-file__embed\" data=\"http:\/\/mairie-chatres.fr\/wp-content\/uploads\/2022\/07\/reunion-du-9-juin-2022.pdf\" type=\"application\/pdf\" style=\"width:100%;height:600px\" aria-label=\"Contenu embarqu\u00e9 reunion du 9 juin 2022.\"><\/object><a href=\"http:\/\/mairie-chatres.fr\/wp-content\/uploads\/2022\/07\/reunion-du-9-juin-2022.pdf\">reunion du 9 juin 2022<\/a><a href=\"http:\/\/mairie-chatres.fr\/wp-content\/uploads\/2022\/07\/reunion-du-9-juin-2022.pdf\" class=\"wp-block-file__button\" download>T\u00e9l\u00e9charger<\/a><\/div>\n\n\n\n<h2 class=\"has-pale-pink-background-color has-background\">R\u00e9union du 11 juillet 2022<\/h2>\n\n\n\n<div class=\"wp-block-file\"><object class=\"wp-block-file__embed\" data=\"http:\/\/mairie-chatres.fr\/wp-content\/uploads\/2022\/07\/reunion-du-11-07-2022.pdf\" type=\"application\/pdf\" style=\"width:100%;height:600px\" aria-label=\"Contenu embarqu\u00e9 r\u00e9union du 11 07 2022.\"><\/object><a href=\"http:\/\/mairie-chatres.fr\/wp-content\/uploads\/2022\/07\/reunion-du-11-07-2022.pdf\">r\u00e9union du 11 07 2022<\/a><a href=\"http:\/\/mairie-chatres.fr\/wp-content\/uploads\/2022\/07\/reunion-du-11-07-2022.pdf\" class=\"wp-block-file__button\" download>T\u00e9l\u00e9charger<\/a><\/div>\n","protected":false},"excerpt":{"rendered":"<p class=\"text-justify\">R\u00e9union du 03 mars 2022 R\u00e9union du 06 avril 2022 R\u00e9union du 09 juin 2022 R\u00e9union du 11 juillet 2022<\/p>\n","protected":false},"author":1,"featured_media":0,"parent":66,"menu_order":0,"comment_status":"closed","ping_status":"closed","template":"","meta":[],"_links":{"self":[{"href":"http:\/\/mairie-chatres.fr\/index.php\/wp-json\/wp\/v2\/pages\/530"}],"collection":[{"href":"http:\/\/mairie-chatres.fr\/index.php\/wp-json\/wp\/v2\/pages"}],"about":[{"href":"http:\/\/mairie-chatres.fr\/index.php\/wp-json\/wp\/v2\/types\/page"}],"author":[{"embeddable":true,"href":"http:\/\/mairie-chatres.fr\/index.php\/wp-json\/wp\/v2\/users\/1"}],"replies":[{"embeddable":true,"href":"http:\/\/mairie-chatres.fr\/index.php\/wp-json\/wp\/v2\/comments?post=530"}],"version-history":[{"count":5,"href":"http:\/\/mairie-chatres.fr\/index.php\/wp-json\/wp\/v2\/pages\/530\/revisions"}],"predecessor-version":[{"id":542,"href":"http:\/\/mairie-chatres.fr\/index.php\/wp-json\/wp\/v2\/pages\/530\/revisions\/542"}],"up":[{"embeddable":true,"href":"http:\/\/mairie-chatres.fr\/index.php\/wp-json\/wp\/v2\/pages\/66"}],"wp:attachment":[{"href":"http:\/\/mairie-chatres.fr\/index.php\/wp-json\/wp\/v2\/media?parent=530"}],"curies":[{"name":"wp","href":"https:\/\/api.w.org\/{rel}","templated":true}]}}