{"id":137,"date":"2020-06-05T22:26:39","date_gmt":"2020-06-05T20:26:39","guid":{"rendered":"http:\/\/mairie-chatres.fr\/?page_id=137"},"modified":"2022-01-06T17:53:41","modified_gmt":"2022-01-06T16:53:41","slug":"associations","status":"publish","type":"page","link":"http:\/\/mairie-chatres.fr\/index.php\/culture-loisir-sport\/associations\/","title":{"rendered":"Associations"},"content":{"rendered":"\n<p class=\"has-medium-font-size\"><strong><span class=\"has-inline-color has-vivid-red-color\">Familles Rurales<\/span><\/strong><\/p>\n\n\n\n<p>L\u2019association Familles rurales propose plusieurs activit\u00e9s : <\/p>\n\n\n\n<ul><li>Gymnastique pour adultes, <\/li><li>Yoga<\/li><li>Bourse aux jouets et livres, <\/li><li>Chasse \u00e0 l\u2019\u0153uf de P\u00e2ques, <\/li><li>Cavalcade d\u00e9guis\u00e9e, \u2026<\/li><\/ul>\n\n\n\n<p>Elle loue aussi de la vaisselle pour vos grandes occasions.<\/p>\n\n\n\n<p>Pour tout renseignement s\u2019adresser \u00e0 :<\/p>\n\n\n\n<p>Marie DETERRE, au 03 25 21 17 23<\/p>\n\n\n\n<div class=\"wp-block-group\"><div class=\"wp-block-group__inner-container\">\n<div class=\"wp-block-group\"><div class=\"wp-block-group__inner-container\"><a href=\"http:\/\/mairie-chatres.fr\/wp-content\/uploads\/2020\/09\/inscriptions-2020-1.pdf\" class=\"pdfemb-viewer\" style=\"\" data-width=\"max\" data-height=\"max\"  data-toolbar=\"bottom\" data-toolbar-fixed=\"off\">inscriptions-2020-1<br\/><\/a>\n<p class=\"wp-block-pdfemb-pdf-embedder-viewer\"><\/p>\n\n\n<a href=\"http:\/\/mairie-chatres.fr\/wp-content\/uploads\/2020\/09\/inscriptions-2020-2.pdf\" class=\"pdfemb-viewer\" style=\"\" data-width=\"max\" data-height=\"max\"  data-toolbar=\"bottom\" data-toolbar-fixed=\"off\">inscriptions-2020-2<br\/><\/a>\n<p class=\"wp-block-pdfemb-pdf-embedder-viewer\"><\/p>\n<\/div><\/div>\n<\/div><\/div>\n\n\n\n<p class=\"has-vivid-red-color has-text-color has-medium-font-size\"><strong>Chorale \u00ab&nbsp;La Cl\u00e9 des chants&nbsp;\u00bb<\/strong><\/p>\n\n\n\n<p>La chorale La cl\u00e9 des chants a \u00e9t\u00e9 fond\u00e9e en 1997.<br>Une soixantaine de choristes se r\u00e9unissent chaque mardi soir \u00e0 la salle polyvalente de Ch\u00e2tres, sous la direction de Marie-C\u00e9line PONCELET et la pr\u00e9sidence de Guy CORDELLE <\/p>\n\n\n\n<p>La chorale attend tous ceux qui aiment chanter des vari\u00e9t\u00e9s de toutes \u00e9poques, dans la bonne humeur.<\/p>\n\n\n\n<p>Pour tout renseignement s\u2019adresser \u00e0 : Guy CORDELLE, au 03 25 21 14 64<\/p>\n\n\n\n<figure class=\"wp-block-image size-large\"><img loading=\"lazy\" width=\"800\" height=\"533\" src=\"http:\/\/mairie-chatres.fr\/wp-content\/uploads\/2020\/09\/image.png\" alt=\"\" class=\"wp-image-283\" srcset=\"http:\/\/mairie-chatres.fr\/wp-content\/uploads\/2020\/09\/image.png 800w, http:\/\/mairie-chatres.fr\/wp-content\/uploads\/2020\/09\/image-300x200.png 300w, http:\/\/mairie-chatres.fr\/wp-content\/uploads\/2020\/09\/image-768x512.png 768w\" sizes=\"(max-width: 800px) 100vw, 800px\" \/><\/figure>\n","protected":false},"excerpt":{"rendered":"<p class=\"text-justify\">Familles Rurales L\u2019association Familles rurales propose plusieurs activit\u00e9s : Gymnastique pour adultes, Yoga Bourse aux jouets et livres, Chasse \u00e0 l\u2019\u0153uf de [&hellip;]<\/p>\n","protected":false},"author":1,"featured_media":0,"parent":133,"menu_order":0,"comment_status":"closed","ping_status":"closed","template":"","meta":[],"_links":{"self":[{"href":"http:\/\/mairie-chatres.fr\/index.php\/wp-json\/wp\/v2\/pages\/137"}],"collection":[{"href":"http:\/\/mairie-chatres.fr\/index.php\/wp-json\/wp\/v2\/pages"}],"about":[{"href":"http:\/\/mairie-chatres.fr\/index.php\/wp-json\/wp\/v2\/types\/page"}],"author":[{"embeddable":true,"href":"http:\/\/mairie-chatres.fr\/index.php\/wp-json\/wp\/v2\/users\/1"}],"replies":[{"embeddable":true,"href":"http:\/\/mairie-chatres.fr\/index.php\/wp-json\/wp\/v2\/comments?post=137"}],"version-history":[{"count":9,"href":"http:\/\/mairie-chatres.fr\/index.php\/wp-json\/wp\/v2\/pages\/137\/revisions"}],"predecessor-version":[{"id":504,"href":"http:\/\/mairie-chatres.fr\/index.php\/wp-json\/wp\/v2\/pages\/137\/revisions\/504"}],"up":[{"embeddable":true,"href":"http:\/\/mairie-chatres.fr\/index.php\/wp-json\/wp\/v2\/pages\/133"}],"wp:attachment":[{"href":"http:\/\/mairie-chatres.fr\/index.php\/wp-json\/wp\/v2\/media?parent=137"}],"curies":[{"name":"wp","href":"https:\/\/api.w.org\/{rel}","templated":true}]}}