{"id":127,"date":"2020-06-05T22:24:13","date_gmt":"2020-06-05T20:24:13","guid":{"rendered":"http:\/\/mairie-chatres.fr\/?page_id=127"},"modified":"2022-04-13T08:23:19","modified_gmt":"2022-04-13T06:23:19","slug":"centre-communal-daction-sociale-ccas","status":"publish","type":"page","link":"http:\/\/mairie-chatres.fr\/index.php\/sante-social\/centre-communal-daction-sociale-ccas\/","title":{"rendered":"Centre Communal d\u2019Action Sociale (CCAS)"},"content":{"rendered":"\n<p>Le CCAS de la commune de Ch\u00e2tres est compos\u00e9 de 8 membres (4 conseillers municipaux et 4 membres ext\u00e9rieurs et volontaires) auxquels s&rsquo;ajoute M. le Maire en tant que Pr\u00e9sident.<\/p>\n\n\n\n<figure class=\"wp-block-image\"><img alt=\"\"\/><\/figure>\n\n\n\n<h2>Domaines d&rsquo;intervention<\/h2>\n\n\n\n<p>Aide pour les d\u00e9marches administratives (APA, logement, \u00e9nergie&#8230;)<\/p>\n\n\n\n<p>Accompagnement pour la valorisation des droits\/prestations sociales (RSA, CMU&#8230;)<\/p>\n\n\n\n<p>Aides municipales facultatives suite \u00e0 sinistres, accidents de la vie, etc.<\/p>\n\n\n\n<h2>Permanence<\/h2>\n\n\n\n<p>Mensuelle, en d\u00e9but de mois, le samedi matin<\/p>\n\n\n\n<p>Salle de r\u00e9union de la mairie<\/p>\n","protected":false},"excerpt":{"rendered":"<p class=\"text-justify\">Le CCAS de la commune de Ch\u00e2tres est compos\u00e9 de 8 membres (4 conseillers municipaux et 4 membres ext\u00e9rieurs et volontaires) auxquels [&hellip;]<\/p>\n","protected":false},"author":1,"featured_media":0,"parent":125,"menu_order":0,"comment_status":"closed","ping_status":"closed","template":"","meta":[],"_links":{"self":[{"href":"http:\/\/mairie-chatres.fr\/index.php\/wp-json\/wp\/v2\/pages\/127"}],"collection":[{"href":"http:\/\/mairie-chatres.fr\/index.php\/wp-json\/wp\/v2\/pages"}],"about":[{"href":"http:\/\/mairie-chatres.fr\/index.php\/wp-json\/wp\/v2\/types\/page"}],"author":[{"embeddable":true,"href":"http:\/\/mairie-chatres.fr\/index.php\/wp-json\/wp\/v2\/users\/1"}],"replies":[{"embeddable":true,"href":"http:\/\/mairie-chatres.fr\/index.php\/wp-json\/wp\/v2\/comments?post=127"}],"version-history":[{"count":6,"href":"http:\/\/mairie-chatres.fr\/index.php\/wp-json\/wp\/v2\/pages\/127\/revisions"}],"predecessor-version":[{"id":508,"href":"http:\/\/mairie-chatres.fr\/index.php\/wp-json\/wp\/v2\/pages\/127\/revisions\/508"}],"up":[{"embeddable":true,"href":"http:\/\/mairie-chatres.fr\/index.php\/wp-json\/wp\/v2\/pages\/125"}],"wp:attachment":[{"href":"http:\/\/mairie-chatres.fr\/index.php\/wp-json\/wp\/v2\/media?parent=127"}],"curies":[{"name":"wp","href":"https:\/\/api.w.org\/{rel}","templated":true}]}}