{"id":105,"date":"2020-06-05T22:17:23","date_gmt":"2020-06-05T20:17:23","guid":{"rendered":"http:\/\/mairie-chatres.fr\/?page_id=105"},"modified":"2022-01-04T15:09:53","modified_gmt":"2022-01-04T14:09:53","slug":"extrait-dacte-de-mariage","status":"publish","type":"page","link":"http:\/\/mairie-chatres.fr\/index.php\/extrait-dacte-de-mariage\/","title":{"rendered":"Extrait d\u2019acte de mariage"},"content":{"rendered":"\n<p>La demande peut \u00eatre faite en mairie, par courrier ou courriel,  mais aussi sur la page internet suivante :<\/p>\n\n\n\n<p><a href=\"https:\/\/www.service-public.fr\/particuliers\/vosdroits\/F1432\">https:\/\/www.service-public.fr\/particuliers\/vosdroits\/F1432<\/a><\/p>\n\n\n\n<p class=\"has-vivid-red-color has-text-color\">Attention pr\u00e9parez vos identifiant et mot de passe France Connect<\/p>\n\n\n\n<p>En cas de demande par courrier\/courriel vous devez indiquer les informations suivantes :<\/p>\n\n\n\n<figure class=\"wp-block-table\"><table><thead><tr><th scope=\"col\">Type d&rsquo;acte demand\u00e9<\/th><th scope=\"col\">Informations \u00e0 indiquer sur le courrier<\/th><\/tr><\/thead><tbody><tr><th scope=\"row\">Copie int\u00e9grale<\/th><td>Date du mariage, noms de famille, pr\u00e9noms des \u00e9poux + noms et pr\u00e9noms de leurs parents<\/td><\/tr><tr><th scope=\"row\">Extrait avec filiation<\/th><td>Date du mariage, noms de famille, pr\u00e9noms des \u00e9poux + noms et pr\u00e9noms de leurs parents<\/td><\/tr><tr><th scope=\"row\">Extrait sans filiation<\/th><td>Date du mariage, noms de famille, pr\u00e9noms des \u00e9poux<\/td><\/tr><\/tbody><\/table><\/figure>\n","protected":false},"excerpt":{"rendered":"<p class=\"text-justify\">La demande peut \u00eatre faite en mairie, par courrier ou courriel, mais aussi sur la page internet suivante : https:\/\/www.service-public.fr\/particuliers\/vosdroits\/F1432 Attention pr\u00e9parez [&hellip;]<\/p>\n","protected":false},"author":1,"featured_media":0,"parent":0,"menu_order":0,"comment_status":"closed","ping_status":"closed","template":"","meta":[],"_links":{"self":[{"href":"http:\/\/mairie-chatres.fr\/index.php\/wp-json\/wp\/v2\/pages\/105"}],"collection":[{"href":"http:\/\/mairie-chatres.fr\/index.php\/wp-json\/wp\/v2\/pages"}],"about":[{"href":"http:\/\/mairie-chatres.fr\/index.php\/wp-json\/wp\/v2\/types\/page"}],"author":[{"embeddable":true,"href":"http:\/\/mairie-chatres.fr\/index.php\/wp-json\/wp\/v2\/users\/1"}],"replies":[{"embeddable":true,"href":"http:\/\/mairie-chatres.fr\/index.php\/wp-json\/wp\/v2\/comments?post=105"}],"version-history":[{"count":2,"href":"http:\/\/mairie-chatres.fr\/index.php\/wp-json\/wp\/v2\/pages\/105\/revisions"}],"predecessor-version":[{"id":471,"href":"http:\/\/mairie-chatres.fr\/index.php\/wp-json\/wp\/v2\/pages\/105\/revisions\/471"}],"wp:attachment":[{"href":"http:\/\/mairie-chatres.fr\/index.php\/wp-json\/wp\/v2\/media?parent=105"}],"curies":[{"name":"wp","href":"https:\/\/api.w.org\/{rel}","templated":true}]}}